{"id":17,"date":"2024-05-29T21:38:42","date_gmt":"2024-05-29T21:38:42","guid":{"rendered":"https:\/\/www.drluiseduardoalmeida.com.br\/site\/?page_id=17"},"modified":"2024-09-17T12:41:35","modified_gmt":"2024-09-17T15:41:35","slug":"avaliacao-urodinamica","status":"publish","type":"page","link":"https:\/\/www.drluiseduardoalmeida.com.br\/site\/avaliacao-urodinamica\/","title":{"rendered":"Avalia\u00e7\u00e3o Urodin\u00e2mica"},"content":{"rendered":"<p>A avalia\u00e7\u00e3o urodin\u00e2mica \u00e9 um procedimento conduzido pelo urologista com o prop\u00f3sito de diagnosticar quest\u00f5es associadas \u00e0 fun\u00e7\u00e3o da bexiga, al\u00e9m de analisar o processo de armazenamento e elimina\u00e7\u00e3o da urina.<\/p>\n<p><strong>Indica\u00e7\u00e3o: <\/strong><\/p>\n<p>\u2642Para Homens: Avalia\u00e7\u00e3o de complica\u00e7\u00f5es decorrentes do aumento da pr\u00f3stata, dificuldades de reten\u00e7\u00e3o ou esvaziamento da bexiga, incontin\u00eancia urin\u00e1ria, acompanhamento p\u00f3s-operat\u00f3rio de cirurgias prost\u00e1ticas, entre outros.<\/p>\n<p>\u2640Para Mulheres: Tratamento da incontin\u00eancia urin\u00e1ria, dificuldade de armazenamento urin\u00e1rio, recorr\u00eancia de infec\u00e7\u00f5es urin\u00e1rias, planejamento de cirurgias para corre\u00e7\u00e3o de prolapso de bexiga ou per\u00edneo, dificuldades urin\u00e1rias, entre outros.<\/p>\n<p><strong>Devo realizar uma avalia\u00e7\u00e3o <\/strong><strong>urodin\u00e2<\/strong><strong>mica<\/strong><strong>?<\/strong><\/p>\n<p>A Urodin\u00e2mica, tamb\u00e9m conhecida como Estudo Urodin\u00e2mico, \u00e9 um exame que replica o funcionamento completo da bexiga durante todo o processo de mic\u00e7\u00e3o, abrangendo suas fases de armazenamento e esvaziamento.<\/p>\n<p>A realiza\u00e7\u00e3o do Estudo Urodin\u00e2mico depende do caso espec\u00edfico. As principais indica\u00e7\u00f5es para realiza\u00e7\u00e3o incluem incontin\u00eancia urin\u00e1ria em homens e mulheres, tratamento de prolapsos genitais extensos, dificuldades urin\u00e1rias e condi\u00e7\u00f5es neurol\u00f3gicas.<\/p>\n<p><strong>Quais patologias podem ser identificadas por meio da<\/strong><strong> avalia\u00e7\u00e3o urodin\u00e2<\/strong><strong>mica?<\/strong><\/p>\n<p><strong>Incontin<\/strong><strong>\u00ea<\/strong><strong>ncia Urin<\/strong><strong>\u00e1<\/strong><strong>ria:<\/strong> a perda involunt\u00e1ria de urina, caracter\u00edstica da incontin\u00eancia urin\u00e1ria, indica poss\u00edveis problemas no trato urin\u00e1rio inferior.<\/p>\n<p><strong>Infec<\/strong><strong>\u00e7\u00f5<\/strong><strong>es Urin<\/strong><strong>\u00e1<\/strong><strong>rias Recorrentes:<\/strong> quando um paciente apresenta dois ou mais epis\u00f3dios de infec\u00e7\u00e3o urin\u00e1ria em um per\u00edodo de seis meses, ou tr\u00eas ou mais infec\u00e7\u00f5es em um ano, \u00e9 caracterizado como infec\u00e7\u00e3o urin\u00e1ria de repeti\u00e7\u00e3o.<\/p>\n<p><strong>Bexiga Hiperativa:<\/strong> <strong>m<\/strong>anifesta-se por sintomas como urg\u00eancia urin\u00e1ria, muitas vezes acompanhada de incontin\u00eancia, aumento da frequ\u00eancia urin\u00e1ria ao longo do dia e a necessidade de levantar-se \u00e0 noite para urinar repetidamente.<\/p>\n<p><strong>Urg\u00ea<\/strong><strong>ncia Miccional:<\/strong> a sensa\u00e7\u00e3o constante e dolorosa de necessidade urgente de urinar pode ser causada por irrita\u00e7\u00e3o da bexiga.<\/p>\n<p><strong>Hiperplasia de Pr\u00f3<\/strong><strong>stata:<\/strong> o aumento benigno da gl\u00e2ndula prost\u00e1tica, conhecido como hiperplasia prost\u00e1tica benigna (HPB), pode dificultar a mic\u00e7\u00e3o.<\/p>\n<p><strong>Reten<\/strong><strong>\u00e7\u00e3<\/strong><strong>o Urin\u00e1<\/strong><strong>ria:<\/strong> a incapacidade do paciente em urinar ou esvaziar completamente a bexiga.<\/p>\n<p>A avalia\u00e7\u00e3o urodin\u00e2mica \u00e9 um exame indolor realizado no pr\u00f3prio consult\u00f3rio m\u00e9dico.<\/p>\n<div style=\"display: none;\">\n<p>avalia\u00e7\u00e3o urodin\u00e2mica passo fundo urologia passo fundo, luis em passo fundo, medico, Passo Fundo RS, medico e avalia\u00e7\u00e3o urodin\u00e2mica masculino passo fundo<\/p>\n<h1>medico em Passo Fundo,\u00a0luis passo fundo, urologia passo fundo,<\/h1>\n<h2>medico em passo fundo, avalia\u00e7\u00e3o urodin\u00e2mica passo fundo e regi\u00e3o, urologia passo fundo em passo fundo, medico venda luis avalia\u00e7\u00e3o urodin\u00e2mica masculino passo fundo, avalia\u00e7\u00e3o urodin\u00e2mica em passo fundo rs, medico, para passo fundo e regi\u00e3o, medico para passo fundo e regi\u00e3o\u00a0avalia\u00e7\u00e3o urodin\u00e2mica avalia\u00e7\u00e3o urodin\u00e2mica avalia\u00e7\u00e3o urodin\u00e2mica masculino passo fundo de medico em passo fundo, avalia\u00e7\u00e3o urodin\u00e2mica passo fundo e regi\u00e3o, urologia passo fundo em passo fundo, medico venda luis avalia\u00e7\u00e3o urodin\u00e2mica masculino passo fundo, avalia\u00e7\u00e3o urodin\u00e2mica em passo fundo rs, medico,<a title=\"avalia\u00e7\u00e3o urodin\u00e2mica avalia\u00e7\u00e3o urodin\u00e2mica avalia\u00e7\u00e3o urodin\u00e2mica masculino passo fundo de medico em passo fundo, avalia\u00e7\u00e3o urodin\u00e2mica passo fundo e regi\u00e3o, urologia passo fundo em passo fundo, medico venda luis avalia\u00e7\u00e3o urodin\u00e2mica masculino passo fundo, avalia\u00e7\u00e3o urodin\u00e2mica em passo fundo rs, medico, para passo fundo e regi\u00e3o, medico para passo fundo e regi\u00e3o\" href=\"http:\/\/www.drluiseduardoalmeida.com.br\">para passo fundo e regi\u00e3o, medico para passo fundo e regi\u00e3o\u00a0avalia\u00e7\u00e3o urodin\u00e2mica avalia\u00e7\u00e3o urodin\u00e2mica avalia\u00e7\u00e3o urodin\u00e2mica masculino passo fundo de medico em passo fundo, avalia\u00e7\u00e3o urodin\u00e2mica passo fundo e regi\u00e3o, urologia passo fundo em passo fundo, medico venda luis avalia\u00e7\u00e3o urodin\u00e2mica masculino passo fundo, avalia\u00e7\u00e3o urodin\u00e2mica em passo fundo rs, medico<\/a>, para passo fundo e regi\u00e3o, medico para passo fundo e regi\u00e3o\u00a0avalia\u00e7\u00e3o urodin\u00e2mica avalia\u00e7\u00e3o urodin\u00e2mica avalia\u00e7\u00e3o urodin\u00e2mica masculino passo fundo de medico em passo fundo, avalia\u00e7\u00e3o urodin\u00e2mica passo fundo e regi\u00e3o, urologia passo fundo em passo fundo, medico venda luis avalia\u00e7\u00e3o urodin\u00e2mica masculino passo fundo, avalia\u00e7\u00e3o urodin\u00e2mica em passo fundo rs, medico, para passo fundo e regi\u00e3o, medico para passo fundo e regi\u00e3o\u00a0avalia\u00e7\u00e3o urodin\u00e2mica avalia\u00e7\u00e3o urodin\u00e2mica avalia\u00e7\u00e3o urodin\u00e2mica masculino passo fundo de medico em passo fundo, avalia\u00e7\u00e3o urodin\u00e2mica passo fundo e regi\u00e3o, urologia passo fundo em passo fundo, medico venda luis avalia\u00e7\u00e3o urodin\u00e2mica masculino passo fundo, avalia\u00e7\u00e3o urodin\u00e2mica em passo fundo rs, medico, para passo fundo e regi\u00e3o,<a title=\"avalia\u00e7\u00e3o urodin\u00e2mica avalia\u00e7\u00e3o urodin\u00e2mica avalia\u00e7\u00e3o urodin\u00e2mica masculino passo fundo de medico em passo fundo, avalia\u00e7\u00e3o urodin\u00e2mica passo fundo e regi\u00e3o, urologia passo fundo em passo fundo, medico venda luis avalia\u00e7\u00e3o urodin\u00e2mica masculino passo fundo, avalia\u00e7\u00e3o urodin\u00e2mica em passo fundo rs, medico, para passo fundo e regi\u00e3o, medico para passo fundo e regi\u00e3o\" href=\"https:\/\/www.drluiseduardoalmeida.com.br\/site\">medico para passo fundo e regi\u00e3o\u00a0avalia\u00e7\u00e3o urodin\u00e2mica avalia\u00e7\u00e3o urodin\u00e2mica avalia\u00e7\u00e3o urodin\u00e2mica masculino passo fundo de medico em passo fundo, avalia\u00e7\u00e3o urodin\u00e2mica passo fundo e regi\u00e3o, cria\u00e7\u00e3o de sit<\/a>es em passo fundo, medico venda luis avalia\u00e7\u00e3o urodin\u00e2mica masculino passo fundo, avalia\u00e7\u00e3o urodin\u00e2mica em passo fundo rs, medico, para passo fundo e regi\u00e3o, medico para passo fundo e regi\u00e3o<\/h2>\n<div id=\"attachment_747\" style=\"width: 353px\" class=\"wp-caption aligncenter\"><a href=\"https:\/\/www.drluiseduardoalmeida.com.br\/site\/wp-content\/uploads\/2013\/06\/per\u00edcia-m\u00e9dica-passo-fundo-rs.jpg\"><img decoding=\"async\" aria-describedby=\"caption-attachment-747\" class=\"size-full wp-image-747 \" title=\"avalia\u00e7\u00e3o urodin\u00e2mica avalia\u00e7\u00e3o urodin\u00e2mica avalia\u00e7\u00e3o urodin\u00e2mica masculino passo fundo de medico em Passo Fundo\" src=\"https:\/\/www.drluiseduardoalmeida.com.br\/site\/wp-content\/uploads\/2013\/06\/per\u00edcia-m\u00e9dica-passo-fundo-rs.jpg\" alt=\"avalia\u00e7\u00e3o urodin\u00e2mica avalia\u00e7\u00e3o urodin\u00e2mica avalia\u00e7\u00e3o urodin\u00e2mica masculino passo fundo de medico em Passo Fundo\" width=\"343\" height=\"300\"  loading=\"lazy\" \/><\/a><p id=\"caption-attachment-747\" class=\"wp-caption-text\">avalia\u00e7\u00e3o urodin\u00e2mica avalia\u00e7\u00e3o urodin\u00e2mica avalia\u00e7\u00e3o urodin\u00e2mica masculino passo fundo de medico em Passo Fundo<\/p><\/div>\n<\/div>\n","protected":false},"excerpt":{"rendered":"<p>A avalia\u00e7\u00e3o urodin\u00e2mica \u00e9 um procedimento conduzido pelo urologista com o prop\u00f3sito de diagnosticar quest\u00f5es [&hellip;]<\/p>\n","protected":false},"author":1,"featured_media":0,"parent":0,"menu_order":0,"comment_status":"closed","ping_status":"closed","template":"template-avaliacao.php","meta":{"footnotes":""},"class_list":["post-17","page","type-page","status-publish","hentry"],"_links":{"self":[{"href":"https:\/\/www.drluiseduardoalmeida.com.br\/site\/wp-json\/wp\/v2\/pages\/17"}],"collection":[{"href":"https:\/\/www.drluiseduardoalmeida.com.br\/site\/wp-json\/wp\/v2\/pages"}],"about":[{"href":"https:\/\/www.drluiseduardoalmeida.com.br\/site\/wp-json\/wp\/v2\/types\/page"}],"author":[{"embeddable":true,"href":"https:\/\/www.drluiseduardoalmeida.com.br\/site\/wp-json\/wp\/v2\/users\/1"}],"replies":[{"embeddable":true,"href":"https:\/\/www.drluiseduardoalmeida.com.br\/site\/wp-json\/wp\/v2\/comments?post=17"}],"version-history":[{"count":5,"href":"https:\/\/www.drluiseduardoalmeida.com.br\/site\/wp-json\/wp\/v2\/pages\/17\/revisions"}],"predecessor-version":[{"id":152,"href":"https:\/\/www.drluiseduardoalmeida.com.br\/site\/wp-json\/wp\/v2\/pages\/17\/revisions\/152"}],"wp:attachment":[{"href":"https:\/\/www.drluiseduardoalmeida.com.br\/site\/wp-json\/wp\/v2\/media?parent=17"}],"curies":[{"name":"wp","href":"https:\/\/api.w.org\/{rel}","templated":true}]}}